{"id":17,"date":"2018-11-21T12:08:08","date_gmt":"2018-11-21T11:08:08","guid":{"rendered":"https:\/\/www.faq4u.com\/info\/?page_id=17"},"modified":"2019-10-08T08:19:13","modified_gmt":"2019-10-08T06:19:13","slug":"agb","status":"publish","type":"page","link":"https:\/\/www.faq4u.com\/info\/agb\/","title":{"rendered":"AGB"},"content":{"rendered":"<div id=\"wb_10\" class=\"section m_wysiwyg\">\n<div class=\"fusion-title title fusion-title-size-one fusion-border-below-title\">\n<h1 class=\"title-heading-left\" data-fontsize=\"26\" data-lineheight=\"37\">Allgemeine Gesch\u00e4ftsbedingungen der Wannemacher Software Service GmbH<\/h1>\n<\/div>\n<div class=\"fusion-content-boxes content-boxes columns row fusion-columns-1 fusion-columns-total-7 fusion-content-boxes-1 content-boxes-icon-with-title content-left\" data-animationoffset=\"100%\">\n<div class=\"fusion-column content-box-column content-box-column content-box-column-1 col-lg-12 col-md-12 col-sm-12 fusion-content-box-hover \">\n<div class=\"col content-wrapper link-area-link-icon icon-hover-animation-fade\" data-animationoffset=\"100%\">\n<div class=\"heading icon-left\">\n<h2 class=\"content-box-heading\" data-inline-fontsize=\"true\" data-inline-lineheight=\"true\" data-fontsize=\"18\" data-lineheight=\"23\">1) Allgemeines<\/h2>\n<\/div>\n<div class=\"content-container\">\n<p>Nachstehende Gesch\u00e4ftsbedingungen gelten f\u00fcr unsere gesamten Lieferungen und Leistungen sowie Angebote und Verkauf. Mit der Entgegennahme unserer Ware sowie unseren Leistungen werden diese vom Kunden anerkannt.<br \/>\nIm Folgenden gilt:<\/p>\n<p>Unternehmer ist eine nat\u00fcrliche oder juristische Person oder eine rechtsf\u00e4hige Personengesellschaft, die bei Abschluss eines Rechtsgesch\u00e4fts in Aus\u00fcbung ihrer gewerblichen oder selbst\u00e4ndigen beruflichen T\u00e4tigkeit handelt (\u00a714 I BGB).<br \/>\nVerbraucher ist jede nat\u00fcrliche Person, die ein Rechtsgesch\u00e4ft zu einem Zwecke abschlie\u00dft, der weder ihrer gewerblichen noch ihrer selbst\u00e4ndigen beruflichen T\u00e4tigkeit zugerechnet werden kann (\u00a7 13 BGB).<\/p>\n<\/div>\n<\/div>\n<\/div>\n<div class=\"fusion-column content-box-column content-box-column content-box-column-2 col-lg-12 col-md-12 col-sm-12 fusion-content-box-hover \">\n<div class=\"col content-wrapper link-area-link-icon icon-hover-animation-fade\" data-animationoffset=\"100%\">\n<div class=\"heading icon-left\">\n<h2 class=\"content-box-heading\" data-inline-fontsize=\"true\" data-inline-lineheight=\"true\" data-fontsize=\"18\" data-lineheight=\"23\">2) Lieferung und Leistung, Versand und Gefahr\u00fcbergang<\/h2>\n<\/div>\n<div class=\"fusion-clearfix\">Die m\u00fcndlichen und schriftlichen Angebote von der Wannemacher Software Service GmbH sind freibleibend und unverbindlich in Bezug auf Preis, Lieferm\u00f6glichkeit und Lieferfristen. Ein Vertrag kommt erst mit der schriftlichen Auftragsbest\u00e4tigung von der Wannemacher Software Service GmbH, sp\u00e4testens durch die Annahme der Lieferung durch den Kunden zustande.<\/div>\n<div class=\"content-container\">\n<p>Vertragsbestandteil sind neben diesen AGB ferner Lizenzbedingungen der Hersteller, sofern den entsprechenden Produkten, insbesondere Software beiliegend. Mit Empfang solcher Produkte erkennt der K\u00e4ufer deren Geltung ausdr\u00fccklich an. Fehler bei Softwareprogrammen in allen Anwendungsgebieten k\u00f6nnen nicht ausgeschlossen werden. Die Wannemacher Software Service GmbH \u00fcbernimmt deshalb grunds\u00e4tzlich eine Sachmangelhaftung f\u00fcr<br \/>\nSoftwareprogramme nur insoweit diese im Sinne der Programmbeschreibung brauchbar sind.<br \/>\nDie Nutzung, Installation sowie Programmfunktion (=Ergebnisse) liegen in der Verantwortung des K\u00e4ufers.<br \/>\nDie von der Wannemacher Software Service GmbH angegebenen Termine und Fristen f\u00fcr Lieferung gelten als nur ann\u00e4hernd vereinbart. Die Lieferfrist beginnt mit dem Ausstellungsdatum der Best\u00e4tigung und ist eingehalten, wenn bis Ende der Lieferfrist die Ware das Lager \/ Werk verlassen hat oder bei Versand der Ware Versandbereit gemeldet ist.<br \/>\nSollte die Wannemacher Software Service GmbH in Lieferverzug kommen und hat eine ihr vom K\u00e4ufer schriftlich zu setzende angemessene Nachfrist ungenutzt verstreichen lassen, so hat der K\u00e4ufer das Recht vom Vertrag zur\u00fcckzutreten. Lieferverzug tritt nicht ein im Falle h\u00f6herer Gewalt sowie aufgrund von Ereignissen die der Wannemacher Software Service GmbH die Lieferung wesentlich erschweren oder unm\u00f6glich machen. Dazu z\u00e4hlen Streiks, h\u00f6here Gewalt, Betriebsst\u00f6rungen etc, gleich ob im eigenen Betrieb, dem des Lieferanten oder einem Unterlieferanten eingetreten. In diesen F\u00e4llen kann der K\u00e4ufer keinerlei Verzugsschaden oder Schadensersatz wegen Nichterf\u00fcllung des Vertrages verlangen.<br \/>\nNur bei Rechtsgesch\u00e4ften mit Unternehmern (K\u00e4ufer ist nicht Verbraucher gem. \u00a7 13 BGB) gehen alle Gefahren auf den K\u00e4ufer \u00fcber sobald die Ware der den Transport ausf\u00fchrenden Person \u00fcbergeben worden ist oder zwecks Versendung die Gesch\u00e4ftsr\u00e4ume der Wannemacher Software Service GmbH verlassen hat. Die Wannemacher Software Service GmbH versichert die Ware jedoch auf Kosten des K\u00e4ufers, wenn dieser die Versicherung der Ware schriftlich begehrt.<\/p>\n<\/div>\n<\/div>\n<\/div>\n<div class=\"fusion-column content-box-column content-box-column content-box-column-3 col-lg-12 col-md-12 col-sm-12 fusion-content-box-hover \">\n<div class=\"col content-wrapper link-area-link-icon icon-hover-animation-fade\" data-animationoffset=\"100%\">\n<div class=\"heading icon-left\">\n<h2 class=\"content-box-heading\" data-inline-fontsize=\"true\" data-inline-lineheight=\"true\" data-fontsize=\"18\" data-lineheight=\"23\">3) Zahlungsbedingungen<\/h2>\n<\/div>\n<div class=\"fusion-clearfix\">S\u00e4mtliche Zahlungen werden grunds\u00e4tzlich auf die \u00e4lteste Schuld angerechnet, es sei denn der K\u00e4ufer trifft eine anders lautende Zahlungsbestimmung. Sind bereits Kosten der Beitreibung und Zinsen entstanden, wird die Zahlung zuerst auf die Kosten, dann auf die Zinsen und zuletzt auf die Hauptforderung angerechnet, es sei denn der K\u00e4ufer trifft eine anders lautende Zahlungsbestimmung.<\/div>\n<div class=\"content-container\">\n<p>Die Zur\u00fcckhaltung von Zahlungen oder die Aufrechnung mit evt. Gegenanspr\u00fcchen des K\u00e4ufers, insbesondere Anspr\u00fcchen aus Sachmangelhaftung, ist nur zul\u00e4ssig, wenn diese Gegenanspr\u00fcche unbestritten oder rechtskr\u00e4ftig festgestellt sind. Dies gilt nicht bei Rechtsgesch\u00e4ften mit Verbrauchern, soweit die Gegenanspr\u00fcche aus demselben Vertragsverh\u00e4ltnis entstammen.<br \/>\nSollte der K\u00e4ufer seinen Zahlungsverpflichtungen nicht nachkommen oder seine Zahlungen einstellen oder eine Bank einen von ihm ausgestellten Scheck (Lastschrift) nicht einl\u00f6sen kann die Wannemacher Software Service GmbH sofort vom Liefervertrag ohne eine besondere vorherige Ank\u00fcndigung zur\u00fccktreten. In diesem Fall werden s\u00e4mtliche Forderungen der Wannemacher Software Service GmbH gegen\u00fcber dem K\u00e4ufer sofort in<br \/>\neinem Betrag f\u00e4llig.<br \/>\nDer Wannemacher Software Service GmbH steht das Recht zu, den im Verzug befindlichen Kunden von jeder weiteren Belieferung auszuschlie\u00dfen. Dem im Verzug befindlichen Kunden werden Zinsen in H\u00f6he der gesetzlichen Verzugszinsen berechnet, des weiteren tr\u00e4gt der K\u00e4ufer s\u00e4mtliche Beitreibungs-, Gerichts- und Vollstreckungskosten.<br \/>\nDie Wannemacher Software Service GmbH ist berechtigt ihre Forderungen abzutreten.<\/p>\n<\/div>\n<\/div>\n<\/div>\n<div class=\"fusion-column content-box-column content-box-column content-box-column-4 col-lg-12 col-md-12 col-sm-12 fusion-content-box-hover \">\n<div class=\"col content-wrapper link-area-link-icon icon-hover-animation-fade\" data-animationoffset=\"100%\">\n<div class=\"heading icon-left\">\n<h2 class=\"content-box-heading\" data-inline-fontsize=\"true\" data-inline-lineheight=\"true\" data-fontsize=\"18\" data-lineheight=\"23\">4) Eigentumsvorbehalt<\/h2>\n<\/div>\n<div class=\"fusion-clearfix\">Die Wannemacher Software Service GmbH beh\u00e4lt sich bei Rechtsgesch\u00e4ften mit Unternehmern (K\u00e4ufer ist nicht Verbraucher gem. \u00a7 13 BGB), das Eigentumsrecht an den gelieferten Waren und Leistungen bis zur vollst\u00e4ndigen Bezahlung aller aus der Gesch\u00e4ftsbeziehung mit dem K\u00e4ufer entstandenen oder evt. noch entstehenden Forderungen, gleich welcher Art und welchen Rechtsgrundes vor.<\/div>\n<div class=\"content-container\">\n<p>Der K\u00e4ufer ist berechtigt die Vorbehaltsware im ordnungsgem\u00e4\u00dfen Gesch\u00e4ftsverkehr zu verarbeiten und zu verkaufen solange er sich nicht in Zahlungsverzug befindet. Sicherheits\u00fcbereignungen und Verpf\u00e4ndungen sind unzul\u00e4ssig. Bei Zahlungsverzug \u2013 insbesondere bei Nichteinl\u00f6sung von Schecks und Lastschriften \u2013 ist die Wannemacher Software Service GmbH ohne Vorliegen entsprechender Titel oder Erm\u00e4chtigungen des Eigentumsvorbehaltes erm\u00e4chtigt die Vorbehaltsware unter Betreten der Gesch\u00e4ftsr\u00e4ume durch Beauftragte, die sich entsprechend zu legitimieren haben, an sich zu nehmen. Die Kosten des Abtransports tr\u00e4gt der K\u00e4ufer in voller H\u00f6he. Sollte ein Scheck oder eine Lastschrift nicht eingel\u00f6st werden so verpflichtet sich der K\u00e4ufer, auf Anforderung der Wannemacher Software Service GmbH die erhaltene Ware im verbleibenden Umfang auf eigene Kosten und Gefahr an die Wannemacher Software Service GmbH zur\u00fcckzusenden.<br \/>\nDer K\u00e4ufer ist verpflichtet die Vorbehaltsware ordnungsgem\u00e4\u00df zu lagern und auf seine Kosten entsprechend der betriebs\u00fcblichen Handhabung beim K\u00e4ufer gegen Diebstahl, Bruch, Feuer und Wasser und sonstige Sch\u00e4den zu versichern. Die Versicherungsanspr\u00fcche gelten in H\u00f6he des Wertes der Vorbehaltsware als an die Wannemacher Software Service GmbH abgetreten.<\/p>\n<\/div>\n<\/div>\n<\/div>\n<div class=\"fusion-column content-box-column content-box-column content-box-column-5 col-lg-12 col-md-12 col-sm-12 fusion-content-box-hover \">\n<div class=\"col content-wrapper link-area-link-icon icon-hover-animation-fade\" data-animationoffset=\"100%\">\n<div class=\"heading icon-left\">\n<h2 class=\"content-box-heading\" data-inline-fontsize=\"true\" data-inline-lineheight=\"true\" data-fontsize=\"18\" data-lineheight=\"23\">5) Sachmangelhaftung<\/h2>\n<\/div>\n<div class=\"fusion-clearfix\">Handelt es sich beim K\u00e4ufer um einen Verbraucher, d.h. eine nat\u00fcrliche Person die ein Rechtsgesch\u00e4ft zu einem Zweck abschlie\u00dft, der weder ihrer gewerblichen noch ihrer selbstst\u00e4ndigen beruflichen T\u00e4tigkeit zugerechnet werden kann (\u00a7 13 BGB) gilt hinsichtlich der Sachmangelhaftung die gesetzliche Regelung, mit Ausnahme des Schadensumfangs, der ausdr\u00fccklich auf die gelieferte Sache beschr\u00e4nkt wird. Auch wird eine Haftung der Wannemacher Software Service GmbH, soweit nicht eine Verletzung des Lebens, des K\u00f6rpers oder der Gesundheit, die auf einer fahrl\u00e4ssigen Pflichtverletzung der Wannemacher Software Service GmbH oder einer vors\u00e4tzlichen oder fahrl\u00e4ssigen Pflichtverletzung eines gesetzlichen Vertreters oder Erf\u00fcllungsgehilfen der Wannemacher Software Service GmbH beruhen, ausdr\u00fccklich auf die F\u00e4lle des Vorsatzes und der groben Fahrl\u00e4ssigkeit beschr\u00e4nkt. Ansonsten gilt dass die Wannemacher Software Service GmbH f\u00fcr die von ihr gelieferten Produkte eine Sachmangelhaftung von 12 Monaten \u00fcbernimmt. Der K\u00e4ufer hat, sofern er das Vertragsgesch\u00e4ft als Unternehmer abgeschlossen hat, die gelieferte Ware einer sofortigen Eingangskontrolle zu unterziehen und dabei entdeckte M\u00e4ngel unverz\u00fcglich zu r\u00fcgen. Im Falle eines Mangels ist die Wannemacher Software Service GmbH berechtigt nach ihrer Wahl den fehlerhaften Gegenstand nachzubessern oder neu zu liefern. Sollte die Wannemacher Software Service GmbH eine vom K\u00e4ufer gesetzte angemessene Nachfrist verstreichen lassen ohne den Mangel zu beheben, oder schl\u00e4gt eine Nachbesserung oder Ersatzlieferung fehl, so kann der K\u00e4ufer eine R\u00fcckg\u00e4ngigmachung des Vertrages (Wandelung) oder eine Herabsetzung der Verg\u00fctung (Minderung) verlangen.<\/div>\n<div class=\"content-container\">\n<p>Werden Betriebs- oder Wartungsempfehlungen von Wannemacher Software Service GmbH vom K\u00e4ufer nicht befolgt, sowie \u00c4nderungen an den Waren vorgenommen (Reparaturversuche), oder Teile ausgewechselt oder Verbrauchsmaterialien verwendet die nicht Originalspezifikationen entsprechen, so entf\u00e4llt jegliche Sachmangelhaftung. Diese Haftung erlischt ebenso durch unsachgem\u00e4\u00dfen Gebrauch, grobfahrl\u00e4ssiges oder vors\u00e4tzlich<br \/>\nsch\u00e4digendes Verhalten durch den K\u00e4ufer oder von ihm beauftragten Dritten. Verkauft der K\u00e4ufer die von der Wannemacher Software Service GmbH gelieferten Gegenst\u00e4nde an Dritte, ist ihm untersagt wegen der damit verbundenen Sachmangelhaftungsanspr\u00fcche auf die Wannemacher Software Service GmbH zu verweisen. Die Kaufleute betreffenden Bestimmungen der \u00a7\u00a7 377 sowie 378 HGB bleiben unber\u00fchrt. Die Haftung beschr\u00e4nkt sich ausschlie\u00dflich auf den Austausch oder Reparatur des besch\u00e4digten Liefergegenstandes. Sollte im Rahmen der Reparatur durch die Wannemacher Software Service GmbH auf dem zu reparierenden Ger\u00e4t befindliche Daten verloren gehen, so ist dieses Risiko vom Auftraggeber zu tragen. Die Haftung wird, soweit nicht eine Verletzung des Lebens, des K\u00f6rpers oder der Gesundheit, die auf einer fahrl\u00e4ssigen Pflichtverletzung der Wannemacher Software Service GmbH oder einer vors\u00e4tzlichen oder fahrl\u00e4ssigen Pflichtverletzung eines gesetzlichen Vertreters oder Erf\u00fcllungsgehilfen der Wannemacher Software Service GmbH beruhen, insgesamt auf vors\u00e4tzliche und grobfahrl\u00e4ssige Handlungen beschr\u00e4nkt. Ist der K\u00e4ufer Kaufmann, ber\u00fchren M\u00e4ngelr\u00fcgen die F\u00e4lligkeit des Kaufpreisanspruchs nicht, es sei denn die Berechtigung wurde von der Wannemacher Software Service GmbH schriftlich anerkannt und rechtskr\u00e4ftig festgestellt.<\/p>\n<\/div>\n<\/div>\n<\/div>\n<div class=\"fusion-column content-box-column content-box-column content-box-column-6 col-lg-12 col-md-12 col-sm-12 fusion-content-box-hover \">\n<div class=\"col content-wrapper link-area-link-icon icon-hover-animation-fade\" data-animationoffset=\"100%\">\n<div class=\"heading icon-left\">\n<h2 class=\"content-box-heading\" data-inline-fontsize=\"true\" data-inline-lineheight=\"true\" data-fontsize=\"18\" data-lineheight=\"23\">6) Anwendbares Recht<\/h2>\n<\/div>\n<div class=\"fusion-clearfix\">\n<p>Ausschlie\u00dflicher Gerichtsstand f\u00fcr s\u00e4mtliche sich aus dem Vertragsverh\u00e4ltnis ergebenden Rechtsstreitigkeiten ist N\u00fcrnberg, soweit diese Vereinbarung gesetzlich m\u00f6glich ist. F\u00fcr den Abschluss des Vertrages sowie die Vertragsbeziehung zwischen dem K\u00e4ufer und der Wannemacher Software Service GmbH gilt ausschlie\u00dflich das Recht der Bundesrepublik Deutschland als zwingend vereinbart. Die Anwendung des \u00dcbereinkommens der Vereinten Nationen \u00fcber Vertr\u00e4ge betreffend des internationalen Warenverkaufes von April 1980 ist ausgeschlossen. Sollte eine Bestimmung dieser Allgemeinen Gesch\u00e4ftsbedingungen der Wannemacher Software Service GmbH rechtlich unwirksam sein oder werden, so bleibt die Wirksamkeit der \u00fcbrigen Bestimmungen erhalten. Im Fall der Rechtsunwirksamkeit vereinbaren die Vertragspartner die Regelung als g\u00fcltig anzusehen, die der rechtsunwirksamen Regelung in rechtswirksamer Weise unter wirtschaftlichen Gesichtspunkten am ehesten entspricht.<\/p>\n<\/div>\n<\/div>\n<\/div>\n<div class=\"fusion-column content-box-column content-box-column content-box-column-7 col-lg-12 col-md-12 col-sm-12 fusion-content-box-hover content-box-column-last\">\n<div class=\"col content-wrapper link-area-link-icon icon-hover-animation-fade\" data-animationoffset=\"100%\">\n<div class=\"heading icon-left\">\n<h2 class=\"content-box-heading\" data-inline-fontsize=\"true\" data-inline-lineheight=\"true\" data-fontsize=\"18\" data-lineheight=\"23\">7) Widerrufsbelehrung f\u00fcr Verbraucher<\/h2>\n<\/div>\n<div class=\"fusion-clearfix\">Verbraucher im Sinne des \u00a7 13 BGB k\u00f6nnen Ihre Bestellung binnen einer Frist von zwei Wochen schriftlich, auf einem anderen dauerhaften Datentr\u00e4ger (z.B. per E-Mail oder per Telefax) oder durch R\u00fccksendung der Ware an die unten angegebene Adresse widerrufen. Die Frist beginnt mit Zugang dieser Belehrung, jedoch nicht vor Anlieferung der Ware bei Ihnen. Zur Fristwahrung gen\u00fcgt die rechtzeitige Absendung. Eine Begr\u00fcndung des Widerrufs ist nicht erforderlich. Nach erfolgtem Widerruf m\u00fcssen Sie die Ware auf unsere Gefahr an uns zur\u00fccksenden. Die Kosten der R\u00fccksendung tragen wir bei einer Bestellung ab 40 Euro, bei einer Bestellung bis zu einem Betrag von 40 Euro sind die regelm\u00e4\u00dfigen Kosten der R\u00fccksendung von Ihnen zu tragen. Letzteres gilt jedoch nicht, wenn die gelieferte Ware nicht der bestellten entspricht. Der Kaufvertrag wird nach der R\u00fccksendung der Ware aufgel\u00f6st und wir zahlen bereits geleistete Zahlungen per Verrechnungsscheck zur\u00fcck. F\u00fcr gebrauchte Ware erlauben wir uns 30% des Kaufpreises als Wertminderung einzubehalten, soweit nicht der K\u00e4ufer den Nachweis erbringt, dass ein Schaden oder eine Wertminderung \u00fcberhaupt nicht entstanden oder wesentlich niedriger als die Pauschale von 30 % des Kaufpreises ist. Das Widerrufsrecht besteht nicht, wenn Sie nicht als Verbraucher bestellen. Verbraucher ist gem\u00e4\u00df \u00a713 BGB jede nat\u00fcrliche Person, die ein Rechtsgesch\u00e4ft zu einem Zweck abschlie\u00dft, der weder ihrer gewerblichen noch ihrer selbst\u00e4ndigen beruflichen T\u00e4tigkeit zugerechnet werden kann.<\/div>\n<div class=\"content-container\">\n<p>Das Widerrufsrecht besteht ebenfalls nicht f\u00fcr nach Ihren Angaben konfigurierte Komplettsysteme, sofern nicht lediglich vorgefertigte Serienbauteile zusammengef\u00fcgt wurden, die ohne Beeintr\u00e4chtigung der Substanz mit geringem Aufwand wieder getrennt werden k\u00f6nnen und bei von Ihnen entsiegelter Software.<\/p>\n<\/div>\n<\/div>\n<\/div>\n<\/div>\n<\/div>\n","protected":false},"excerpt":{"rendered":"<p>Allgemeine Gesch\u00e4ftsbedingungen der Wannemacher Software Service GmbH 1) Allgemeines Nachstehende Gesch\u00e4ftsbedingungen gelten f\u00fcr unsere gesamten Lieferungen und Leistungen sowie Angebote und Verkauf. Mit der Entgegennahme unserer Ware sowie unseren Leistungen werden diese vom Kunden anerkannt. Im Folgenden gilt: Unternehmer ist eine nat\u00fcrliche oder juristische Person oder eine rechtsf\u00e4hige Personengesellschaft, die [&hellip;]<\/p>\n","protected":false},"author":2,"featured_media":0,"parent":0,"menu_order":0,"comment_status":"closed","ping_status":"closed","template":"","meta":{"footnotes":""},"class_list":["post-17","page","type-page","status-publish","hentry"],"_links":{"self":[{"href":"https:\/\/www.faq4u.com\/info\/wp-json\/wp\/v2\/pages\/17","targetHints":{"allow":["GET"]}}],"collection":[{"href":"https:\/\/www.faq4u.com\/info\/wp-json\/wp\/v2\/pages"}],"about":[{"href":"https:\/\/www.faq4u.com\/info\/wp-json\/wp\/v2\/types\/page"}],"author":[{"embeddable":true,"href":"https:\/\/www.faq4u.com\/info\/wp-json\/wp\/v2\/users\/2"}],"replies":[{"embeddable":true,"href":"https:\/\/www.faq4u.com\/info\/wp-json\/wp\/v2\/comments?post=17"}],"version-history":[{"count":1,"href":"https:\/\/www.faq4u.com\/info\/wp-json\/wp\/v2\/pages\/17\/revisions"}],"predecessor-version":[{"id":18,"href":"https:\/\/www.faq4u.com\/info\/wp-json\/wp\/v2\/pages\/17\/revisions\/18"}],"wp:attachment":[{"href":"https:\/\/www.faq4u.com\/info\/wp-json\/wp\/v2\/media?parent=17"}],"curies":[{"name":"wp","href":"https:\/\/api.w.org\/{rel}","templated":true}]}}